{"id":244,"date":"2025-04-18T07:42:29","date_gmt":"2025-04-18T07:42:29","guid":{"rendered":"https:\/\/filmhet.kreativoldal.hu\/?page_id=244"},"modified":"2025-08-19T11:14:13","modified_gmt":"2025-08-19T09:14:13","slug":"imazsia-podcast","status":"publish","type":"page","link":"https:\/\/imazsia.com\/en\/imazsia-podcast\/","title":{"rendered":"IMAZSIA Podcast"},"content":{"rendered":"<div data-elementor-type=\"wp-page\" data-elementor-id=\"244\" class=\"elementor elementor-244\" data-elementor-post-type=\"page\">\n\t\t\t\t<div class=\"elementor-element elementor-element-2f015da e-flex e-con-boxed e-con e-parent\" data-id=\"2f015da\" data-element_type=\"container\" data-e-type=\"container\" data-settings=\"{&quot;background_background&quot;:&quot;classic&quot;,&quot;shape_divider_bottom&quot;:&quot;split&quot;}\">\n\t\t\t\t\t<div class=\"e-con-inner\">\n\t\t\t\t<div class=\"elementor-shape elementor-shape-bottom\" aria-hidden=\"true\" data-negative=\"false\">\n\t\t\t<svg xmlns=\"http:\/\/www.w3.org\/2000\/svg\" viewbox=\"0 0 1000 20\" preserveaspectratio=\"none\">\n\t<path class=\"elementor-shape-fill\" d=\"M0,0v3c0,0,393.8,0,483.4,0c9.2,0,16.6,7.4,16.6,16.6c0-9.1,7.4-16.6,16.6-16.6C606.2,3,1000,3,1000,3V0H0z\"\/>\n<\/svg>\t\t<\/div>\n\t\t<div class=\"elementor-element elementor-element-0b86606 e-con-full e-flex e-con e-child\" data-id=\"0b86606\" data-element_type=\"container\" data-e-type=\"container\">\n\t\t\t\t<div class=\"elementor-element elementor-element-2f11c9b elementor-widget elementor-widget-heading\" data-id=\"2f11c9b\" data-element_type=\"widget\" data-e-type=\"widget\" data-widget_type=\"heading.default\">\n\t\t\t\t\t<h2 class=\"elementor-heading-title elementor-size-default\">IMAZSIA Podcast<\/h2>\t\t\t\t<\/div>\n\t\t\t\t<div class=\"elementor-element elementor-element-d9367d4 elementor-widget elementor-widget-text-editor\" data-id=\"d9367d4\" data-element_type=\"widget\" data-e-type=\"widget\" data-widget_type=\"text-editor.default\">\n\t\t\t\t\t\t\t\t\t<p>Listen to the Imagery Podcast conversations, which explore the most exciting topics.<\/p>\t\t\t\t\t\t\t\t<\/div>\n\t\t\t\t<div class=\"elementor-element elementor-element-93552be elementor-align-left elementor-tablet-align-center elementor-widget elementor-widget-button\" data-id=\"93552be\" data-element_type=\"widget\" data-e-type=\"widget\" data-widget_type=\"button.default\">\n\t\t\t\t\t\t\t\t\t\t<a class=\"elementor-button elementor-button-link elementor-size-sm\" href=\"https:\/\/www.youtube.com\/@imazsia\" target=\"_blank\">\n\t\t\t\t\t\t<span class=\"elementor-button-content-wrapper\">\n\t\t\t\t\t\t<span class=\"elementor-button-icon\">\n\t\t\t\t<svg aria-hidden=\"true\" class=\"e-font-icon-svg e-fab-youtube\" viewbox=\"0 0 576 512\" xmlns=\"http:\/\/www.w3.org\/2000\/svg\"><path d=\"M549.655 124.083c-6.281-23.65-24.787-42.276-48.284-48.597C458.781 64 288 64 288 64S117.22 64 74.629 75.486c-23.497 6.322-42.003 24.947-48.284 48.597-11.412 42.867-11.412 132.305-11.412 132.305s0 89.438 11.412 132.305c6.281 23.65 24.787 41.5 48.284 47.821C117.22 448 288 448 288 448s170.78 0 213.371-11.486c23.497-6.321 42.003-24.171 48.284-47.821 11.412-42.867 11.412-132.305 11.412-132.305s0-89.438-11.412-132.305zm-317.51 213.508V175.185l142.739 81.205-142.739 81.201z\"><\/path><\/svg>\t\t\t<\/span>\n\t\t\t\t\t\t\t\t\t<span class=\"elementor-button-text\">FOLLOW US ON YOUTUBE TOO!<\/span>\n\t\t\t\t\t<\/span>\n\t\t\t\t\t<\/a>\n\t\t\t\t\t\t\t\t<\/div>\n\t\t\t\t<\/div>\n\t\t\t\t\t<\/div>\n\t\t\t\t<\/div>\n\t\t<div class=\"elementor-element elementor-element-67cd2b1 e-flex e-con-boxed e-con e-parent\" data-id=\"67cd2b1\" data-element_type=\"container\" data-e-type=\"container\">\n\t\t\t\t\t<div class=\"e-con-inner\">\n\t\t\t\t<div class=\"elementor-element elementor-element-9cf0088 elementor-widget elementor-widget-heading\" data-id=\"9cf0088\" data-element_type=\"widget\" data-e-type=\"widget\" data-widget_type=\"heading.default\">\n\t\t\t\t\t<h2 class=\"elementor-heading-title elementor-size-default\">Imagery <span class=\"gradient-text\">podcast<\/span> conversations<\/h2>\t\t\t\t<\/div>\n\t\t\t\t<div class=\"elementor-element elementor-element-7b8c6fc elementor-widget elementor-widget-text-editor\" data-id=\"7b8c6fc\" data-element_type=\"widget\" data-e-type=\"widget\" data-widget_type=\"text-editor.default\">\n\t\t\t\t\t\t\t\t\t<p>Chinese travel, movies and culture - our podcast series features exciting guests sharing first-hand accounts of their experiences, giving you an insight into this fascinating world.<\/p>\t\t\t\t\t\t\t\t<\/div>\n\t\t<div class=\"elementor-element elementor-element-6cbd5b3 e-con-full e-flex e-con e-child\" data-id=\"6cbd5b3\" data-element_type=\"container\" data-e-type=\"container\">\n\t\t<div class=\"elementor-element elementor-element-a4212b4 e-con-full e-flex e-con e-child\" data-id=\"a4212b4\" data-element_type=\"container\" data-e-type=\"container\">\n\t\t\t\t<div class=\"elementor-element elementor-element-81dd7aa elementor-widget elementor-widget-video\" data-id=\"81dd7aa\" data-element_type=\"widget\" data-e-type=\"widget\" data-settings=\"{&quot;youtube_url&quot;:&quot;https:\\\/\\\/www.youtube.com\\\/watch?v=UQ-LXVipO54&amp;list=PLsykCvi_RQJUy1hns09KEWPX9mysQCEEU&amp;index=10&quot;,&quot;video_type&quot;:&quot;youtube&quot;,&quot;controls&quot;:&quot;yes&quot;}\" data-widget_type=\"video.default\">\n\t\t\t\t\t\t\t<div class=\"elementor-wrapper elementor-open-inline\">\n\t\t\t<div class=\"elementor-video\"><\/div>\t\t<\/div>\n\t\t\t\t\t\t<\/div>\n\t\t\t\t<\/div>\n\t\t<div class=\"elementor-element elementor-element-61ae1cc e-con-full e-flex e-con e-child\" data-id=\"61ae1cc\" data-element_type=\"container\" data-e-type=\"container\">\n\t\t\t\t<div class=\"elementor-element elementor-element-e329746 elementor-widget elementor-widget-video\" data-id=\"e329746\" data-element_type=\"widget\" data-e-type=\"widget\" data-settings=\"{&quot;youtube_url&quot;:&quot;https:\\\/\\\/www.youtube.com\\\/watch?v=jD0bYHxLrDY&amp;list=PLsykCvi_RQJUy1hns09KEWPX9mysQCEEU&amp;index=9 &quot;,&quot;video_type&quot;:&quot;youtube&quot;,&quot;controls&quot;:&quot;yes&quot;}\" data-widget_type=\"video.default\">\n\t\t\t\t\t\t\t<div class=\"elementor-wrapper elementor-open-inline\">\n\t\t\t<div class=\"elementor-video\"><\/div>\t\t<\/div>\n\t\t\t\t\t\t<\/div>\n\t\t\t\t<\/div>\n\t\t<div class=\"elementor-element elementor-element-7651ac1 e-con-full e-flex e-con e-child\" data-id=\"7651ac1\" data-element_type=\"container\" data-e-type=\"container\">\n\t\t\t\t<div class=\"elementor-element elementor-element-8695cb9 elementor-widget elementor-widget-video\" data-id=\"8695cb9\" data-element_type=\"widget\" data-e-type=\"widget\" data-settings=\"{&quot;youtube_url&quot;:&quot;https:\\\/\\\/www.youtube.com\\\/watch?v=cbRBiol1xEc&amp;list=PLsykCvi_RQJUy1hns09KEWPX9mysQCEEU&amp;index=8 &quot;,&quot;video_type&quot;:&quot;youtube&quot;,&quot;controls&quot;:&quot;yes&quot;}\" data-widget_type=\"video.default\">\n\t\t\t\t\t\t\t<div class=\"elementor-wrapper elementor-open-inline\">\n\t\t\t<div class=\"elementor-video\"><\/div>\t\t<\/div>\n\t\t\t\t\t\t<\/div>\n\t\t\t\t<\/div>\n\t\t\t\t<\/div>\n\t\t<div class=\"elementor-element elementor-element-60367e5 e-con-full e-flex e-con e-child\" data-id=\"60367e5\" data-element_type=\"container\" data-e-type=\"container\">\n\t\t<div class=\"elementor-element elementor-element-b4ff740 e-con-full e-flex e-con e-child\" data-id=\"b4ff740\" data-element_type=\"container\" data-e-type=\"container\">\n\t\t\t\t<div class=\"elementor-element elementor-element-4b95a6e elementor-widget elementor-widget-video\" data-id=\"4b95a6e\" data-element_type=\"widget\" data-e-type=\"widget\" data-settings=\"{&quot;youtube_url&quot;:&quot;https:\\\/\\\/www.youtube.com\\\/watch?v=-JufEnYqRDA&amp;list=PLsykCvi_RQJUy1hns09KEWPX9mysQCEEU&amp;index=7 &quot;,&quot;video_type&quot;:&quot;youtube&quot;,&quot;controls&quot;:&quot;yes&quot;}\" data-widget_type=\"video.default\">\n\t\t\t\t\t\t\t<div class=\"elementor-wrapper elementor-open-inline\">\n\t\t\t<div class=\"elementor-video\"><\/div>\t\t<\/div>\n\t\t\t\t\t\t<\/div>\n\t\t\t\t<\/div>\n\t\t<div class=\"elementor-element elementor-element-99d6469 e-con-full e-flex e-con e-child\" data-id=\"99d6469\" data-element_type=\"container\" data-e-type=\"container\">\n\t\t\t\t<div class=\"elementor-element elementor-element-c83627b elementor-widget elementor-widget-video\" data-id=\"c83627b\" data-element_type=\"widget\" data-e-type=\"widget\" data-settings=\"{&quot;youtube_url&quot;:&quot;https:\\\/\\\/www.youtube.com\\\/watch?v=t6WaufVHPTY&amp;list=PLsykCvi_RQJUy1hns09KEWPX9mysQCEEU&amp;index=6 &quot;,&quot;video_type&quot;:&quot;youtube&quot;,&quot;controls&quot;:&quot;yes&quot;}\" data-widget_type=\"video.default\">\n\t\t\t\t\t\t\t<div class=\"elementor-wrapper elementor-open-inline\">\n\t\t\t<div class=\"elementor-video\"><\/div>\t\t<\/div>\n\t\t\t\t\t\t<\/div>\n\t\t\t\t<\/div>\n\t\t<div class=\"elementor-element elementor-element-60d5348 e-con-full e-flex e-con e-child\" data-id=\"60d5348\" data-element_type=\"container\" data-e-type=\"container\">\n\t\t\t\t<div class=\"elementor-element elementor-element-f83a5e3 elementor-widget elementor-widget-video\" data-id=\"f83a5e3\" data-element_type=\"widget\" data-e-type=\"widget\" data-settings=\"{&quot;youtube_url&quot;:&quot;https:\\\/\\\/www.youtube.com\\\/watch?v=d0xmxMzYTHQ&amp;list=PLsykCvi_RQJUy1hns09KEWPX9mysQCEEU&amp;index=5 &quot;,&quot;video_type&quot;:&quot;youtube&quot;,&quot;controls&quot;:&quot;yes&quot;}\" data-widget_type=\"video.default\">\n\t\t\t\t\t\t\t<div class=\"elementor-wrapper elementor-open-inline\">\n\t\t\t<div class=\"elementor-video\"><\/div>\t\t<\/div>\n\t\t\t\t\t\t<\/div>\n\t\t\t\t<\/div>\n\t\t\t\t<\/div>\n\t\t<div class=\"elementor-element elementor-element-86523cf e-con-full e-flex e-con e-child\" data-id=\"86523cf\" data-element_type=\"container\" data-e-type=\"container\">\n\t\t<div class=\"elementor-element elementor-element-695062e e-con-full e-flex e-con e-child\" data-id=\"695062e\" data-element_type=\"container\" data-e-type=\"container\">\n\t\t\t\t<div class=\"elementor-element elementor-element-57ced2e elementor-widget elementor-widget-video\" data-id=\"57ced2e\" data-element_type=\"widget\" data-e-type=\"widget\" data-settings=\"{&quot;youtube_url&quot;:&quot;https:\\\/\\\/www.youtube.com\\\/watch?v=RN-uzDQ5dfA&amp;list=PLsykCvi_RQJUy1hns09KEWPX9mysQCEEU&amp;index=4 &quot;,&quot;video_type&quot;:&quot;youtube&quot;,&quot;controls&quot;:&quot;yes&quot;}\" data-widget_type=\"video.default\">\n\t\t\t\t\t\t\t<div class=\"elementor-wrapper elementor-open-inline\">\n\t\t\t<div class=\"elementor-video\"><\/div>\t\t<\/div>\n\t\t\t\t\t\t<\/div>\n\t\t\t\t<\/div>\n\t\t<div class=\"elementor-element elementor-element-7e225bf e-con-full e-flex e-con e-child\" data-id=\"7e225bf\" data-element_type=\"container\" data-e-type=\"container\">\n\t\t\t\t<div class=\"elementor-element elementor-element-afd89c4 elementor-widget elementor-widget-video\" data-id=\"afd89c4\" data-element_type=\"widget\" data-e-type=\"widget\" data-settings=\"{&quot;youtube_url&quot;:&quot;https:\\\/\\\/www.youtube.com\\\/watch?v=gWYbfX8iyfM&amp;list=PLsykCvi_RQJUy1hns09KEWPX9mysQCEEU&amp;index=3 &quot;,&quot;video_type&quot;:&quot;youtube&quot;,&quot;controls&quot;:&quot;yes&quot;}\" data-widget_type=\"video.default\">\n\t\t\t\t\t\t\t<div class=\"elementor-wrapper elementor-open-inline\">\n\t\t\t<div class=\"elementor-video\"><\/div>\t\t<\/div>\n\t\t\t\t\t\t<\/div>\n\t\t\t\t<\/div>\n\t\t<div class=\"elementor-element elementor-element-3384571 e-con-full e-flex e-con e-child\" data-id=\"3384571\" data-element_type=\"container\" data-e-type=\"container\">\n\t\t\t\t<div class=\"elementor-element elementor-element-bf0e7ed elementor-widget elementor-widget-video\" data-id=\"bf0e7ed\" data-element_type=\"widget\" data-e-type=\"widget\" data-settings=\"{&quot;youtube_url&quot;:&quot;https:\\\/\\\/www.youtube.com\\\/watch?v=IhIAeVpmsLc&amp;list=PLsykCvi_RQJUy1hns09KEWPX9mysQCEEU&amp;index=2 &quot;,&quot;video_type&quot;:&quot;youtube&quot;,&quot;controls&quot;:&quot;yes&quot;}\" data-widget_type=\"video.default\">\n\t\t\t\t\t\t\t<div class=\"elementor-wrapper elementor-open-inline\">\n\t\t\t<div class=\"elementor-video\"><\/div>\t\t<\/div>\n\t\t\t\t\t\t<\/div>\n\t\t\t\t<\/div>\n\t\t\t\t<\/div>\n\t\t<div class=\"elementor-element elementor-element-f30f669 e-con-full e-flex e-con e-child\" data-id=\"f30f669\" data-element_type=\"container\" data-e-type=\"container\">\n\t\t<div class=\"elementor-element elementor-element-f69952e e-con-full e-flex e-con e-child\" data-id=\"f69952e\" data-element_type=\"container\" data-e-type=\"container\">\n\t\t\t\t<div class=\"elementor-element elementor-element-d2294cc elementor-widget elementor-widget-video\" data-id=\"d2294cc\" data-element_type=\"widget\" data-e-type=\"widget\" data-settings=\"{&quot;youtube_url&quot;:&quot;https:\\\/\\\/www.youtube.com\\\/watch?v=dzLt2njQTP8&amp;list=PLsykCvi_RQJUy1hns09KEWPX9mysQCEEU&amp;index=1 &quot;,&quot;video_type&quot;:&quot;youtube&quot;,&quot;controls&quot;:&quot;yes&quot;}\" data-widget_type=\"video.default\">\n\t\t\t\t\t\t\t<div class=\"elementor-wrapper elementor-open-inline\">\n\t\t\t<div class=\"elementor-video\"><\/div>\t\t<\/div>\n\t\t\t\t\t\t<\/div>\n\t\t\t\t<\/div>\n\t\t<div class=\"elementor-element elementor-element-08f47a7 e-con-full e-flex e-con e-child\" data-id=\"08f47a7\" data-element_type=\"container\" data-e-type=\"container\">\n\t\t\t\t<\/div>\n\t\t<div class=\"elementor-element elementor-element-99b4834 e-con-full e-flex e-con e-child\" data-id=\"99b4834\" data-element_type=\"container\" data-e-type=\"container\">\n\t\t<div class=\"elementor-element elementor-element-4847666 e-con-full e-flex e-con e-child\" data-id=\"4847666\" data-element_type=\"container\" data-e-type=\"container\">\n\t\t\t\t<\/div>\n\t\t\t\t<\/div>\n\t\t\t\t<\/div>\n\t\t\t\t\t<\/div>\n\t\t\t\t<\/div>\n\t\t<div class=\"elementor-element elementor-element-b4a7425 e-flex e-con-boxed e-con e-parent\" data-id=\"b4a7425\" data-element_type=\"container\" data-e-type=\"container\">\n\t\t\t\t\t<div class=\"e-con-inner\">\n\t\t\t\t<div class=\"elementor-element elementor-element-60e5f19 elementor-widget elementor-widget-heading\" data-id=\"60e5f19\" data-element_type=\"widget\" data-e-type=\"widget\" data-widget_type=\"heading.default\">\n\t\t\t\t\t<h2 class=\"elementor-heading-title elementor-size-default\">Imagery <span class=\"gradient-text\">podium<\/span> conversations<\/h2>\t\t\t\t<\/div>\n\t\t\t\t<div class=\"elementor-element elementor-element-b441a91 elementor-widget elementor-widget-text-editor\" data-id=\"b441a91\" data-element_type=\"widget\" data-e-type=\"widget\" data-widget_type=\"text-editor.default\">\n\t\t\t\t\t\t\t\t\t<p>In our podium series, you can re-watch the talks from our events.<\/p>\t\t\t\t\t\t\t\t<\/div>\n\t\t<div class=\"elementor-element elementor-element-5476530 e-con-full e-flex e-con e-child\" data-id=\"5476530\" data-element_type=\"container\" data-e-type=\"container\">\n\t\t<div class=\"elementor-element elementor-element-bd9451a e-con-full e-flex e-con e-child\" data-id=\"bd9451a\" data-element_type=\"container\" data-e-type=\"container\">\n\t\t\t\t<div class=\"elementor-element elementor-element-ea005fe elementor-widget elementor-widget-video\" data-id=\"ea005fe\" data-element_type=\"widget\" data-e-type=\"widget\" data-settings=\"{&quot;youtube_url&quot;:&quot;https:\\\/\\\/www.youtube.com\\\/watch?v=15Po7crsihs&amp;list=PLsykCvi_RQJUix0uaMmtsxkHCJ5clLuga&amp;index=1 &quot;,&quot;video_type&quot;:&quot;youtube&quot;,&quot;controls&quot;:&quot;yes&quot;}\" data-widget_type=\"video.default\">\n\t\t\t\t\t\t\t<div class=\"elementor-wrapper elementor-open-inline\">\n\t\t\t<div class=\"elementor-video\"><\/div>\t\t<\/div>\n\t\t\t\t\t\t<\/div>\n\t\t\t\t<\/div>\n\t\t<div class=\"elementor-element elementor-element-5e385d6 e-con-full e-flex e-con e-child\" data-id=\"5e385d6\" data-element_type=\"container\" data-e-type=\"container\">\n\t\t\t\t<div class=\"elementor-element elementor-element-6615129 elementor-widget elementor-widget-video\" data-id=\"6615129\" data-element_type=\"widget\" data-e-type=\"widget\" data-settings=\"{&quot;youtube_url&quot;:&quot;https:\\\/\\\/www.youtube.com\\\/watch?v=Zbi_9IZH87A&amp;list=PLsykCvi_RQJUix0uaMmtsxkHCJ5clLuga&amp;index=2 &quot;,&quot;video_type&quot;:&quot;youtube&quot;,&quot;controls&quot;:&quot;yes&quot;}\" data-widget_type=\"video.default\">\n\t\t\t\t\t\t\t<div class=\"elementor-wrapper elementor-open-inline\">\n\t\t\t<div class=\"elementor-video\"><\/div>\t\t<\/div>\n\t\t\t\t\t\t<\/div>\n\t\t\t\t<\/div>\n\t\t\t\t<\/div>\n\t\t\t\t\t<\/div>\n\t\t\t\t<\/div>\n\t\t\t\t<\/div>","protected":false},"excerpt":{"rendered":"<p>Hallgasd meg az Im\u00e1zsia Podcast besz\u00e9lget\u00e9seket, melyek izgalmasabbn\u00e1l izgalmasabb t\u00e9m\u00e1kat elemeznek ki. K\u00d6VESS MINKET YOUTUBE-ON IS! Im\u00e1zsia podcast besz\u00e9lget\u00e9sek K\u00ednai utaz\u00e1s, filmek \u00e9s kult\u00fara &#8211; Podcast-sorozatunkban izgalmas vend\u00e9gek mes\u00e9lnek els\u0151 k\u00e9zb\u0151l \u00e9lm\u00e9nyeikr\u0151l, betekint\u00e9st ny\u00fajtva ebbe a leny\u0171g\u00f6z\u0151 vil\u00e1gba. https:\/\/www.youtube.com\/watch?v=UQ-LXVipO54&#038;list=PLsykCvi_RQJUy1hns09KEWPX9mysQCEEU&#038;index=10https:\/\/www.youtube.com\/watch?v=jD0bYHxLrDY&#038;list=PLsykCvi_RQJUy1hns09KEWPX9mysQCEEU&#038;index=9%20https:\/\/www.youtube.com\/watch?v=cbRBiol1xEc&#038;list=PLsykCvi_RQJUy1hns09KEWPX9mysQCEEU&#038;index=8%20https:\/\/www.youtube.com\/watch?v=-JufEnYqRDA&#038;list=PLsykCvi_RQJUy1hns09KEWPX9mysQCEEU&#038;index=7%20https:\/\/www.youtube.com\/watch?v=t6WaufVHPTY&#038;list=PLsykCvi_RQJUy1hns09KEWPX9mysQCEEU&#038;index=6%20https:\/\/www.youtube.com\/watch?v=d0xmxMzYTHQ&#038;list=PLsykCvi_RQJUy1hns09KEWPX9mysQCEEU&#038;index=5%20https:\/\/www.youtube.com\/watch?v=RN-uzDQ5dfA&#038;list=PLsykCvi_RQJUy1hns09KEWPX9mysQCEEU&#038;index=4%20https:\/\/www.youtube.com\/watch?v=gWYbfX8iyfM&#038;list=PLsykCvi_RQJUy1hns09KEWPX9mysQCEEU&#038;index=3%20https:\/\/www.youtube.com\/watch?v=IhIAeVpmsLc&#038;list=PLsykCvi_RQJUy1hns09KEWPX9mysQCEEU&#038;index=2%20https:\/\/www.youtube.com\/watch?v=dzLt2njQTP8&#038;list=PLsykCvi_RQJUy1hns09KEWPX9mysQCEEU&#038;index=1%20 Im\u00e1zsia p\u00f3dium besz\u00e9lget\u00e9sek P\u00f3dium-sorozatunkban rendezv\u00e9nyeink el\u0151 besz\u00e9lget\u00e9seit n\u00e9zhetitek meg \u00fajra. https:\/\/www.youtube.com\/watch?v=15Po7crsihs&#038;list=PLsykCvi_RQJUix0uaMmtsxkHCJ5clLuga&#038;index=1%20https:\/\/www.youtube.com\/watch?v=Zbi_9IZH87A&#038;list=PLsykCvi_RQJUix0uaMmtsxkHCJ5clLuga&#038;index=2%20<\/p>","protected":false},"author":3,"featured_media":0,"parent":0,"menu_order":0,"comment_status":"closed","ping_status":"closed","template":"","meta":{"_acf_changed":false,"footnotes":""},"class_list":["post-244","page","type-page","status-publish","hentry"],"acf":[],"_links":{"self":[{"href":"https:\/\/imazsia.com\/en\/wp-json\/wp\/v2\/pages\/244","targetHints":{"allow":["GET"]}}],"collection":[{"href":"https:\/\/imazsia.com\/en\/wp-json\/wp\/v2\/pages"}],"about":[{"href":"https:\/\/imazsia.com\/en\/wp-json\/wp\/v2\/types\/page"}],"author":[{"embeddable":true,"href":"https:\/\/imazsia.com\/en\/wp-json\/wp\/v2\/users\/3"}],"replies":[{"embeddable":true,"href":"https:\/\/imazsia.com\/en\/wp-json\/wp\/v2\/comments?post=244"}],"version-history":[{"count":58,"href":"https:\/\/imazsia.com\/en\/wp-json\/wp\/v2\/pages\/244\/revisions"}],"predecessor-version":[{"id":1886,"href":"https:\/\/imazsia.com\/en\/wp-json\/wp\/v2\/pages\/244\/revisions\/1886"}],"wp:attachment":[{"href":"https:\/\/imazsia.com\/en\/wp-json\/wp\/v2\/media?parent=244"}],"curies":[{"name":"wp","href":"https:\/\/api.w.org\/{rel}","templated":true}]}}