{"id":697,"date":"2025-07-29T13:28:24","date_gmt":"2025-07-29T13:28:24","guid":{"rendered":"https:\/\/filmhet.kreativoldal.hu\/?page_id=697"},"modified":"2025-10-28T16:01:17","modified_gmt":"2025-10-28T15:01:17","slug":"imazsia-filmklub","status":"publish","type":"page","link":"https:\/\/imazsia.com\/en\/imazsia-filmklub\/","title":{"rendered":"IMAZSIA Film Club"},"content":{"rendered":"\t\t<div data-elementor-type=\"wp-page\" data-elementor-id=\"697\" class=\"elementor elementor-697\" data-elementor-post-type=\"page\">\n\t\t\t\t<div class=\"elementor-element elementor-element-ad3870d e-flex e-con-boxed e-con e-parent\" data-id=\"ad3870d\" data-element_type=\"container\" data-e-type=\"container\" data-settings=\"{&quot;background_background&quot;:&quot;classic&quot;,&quot;shape_divider_bottom&quot;:&quot;split&quot;}\">\n\t\t\t\t\t<div class=\"e-con-inner\">\n\t\t\t\t<div class=\"elementor-shape elementor-shape-bottom\" aria-hidden=\"true\" data-negative=\"false\">\n\t\t\t<svg xmlns=\"http:\/\/www.w3.org\/2000\/svg\" viewBox=\"0 0 1000 20\" preserveAspectRatio=\"none\">\n\t<path class=\"elementor-shape-fill\" d=\"M0,0v3c0,0,393.8,0,483.4,0c9.2,0,16.6,7.4,16.6,16.6c0-9.1,7.4-16.6,16.6-16.6C606.2,3,1000,3,1000,3V0H0z\"\/>\n<\/svg>\t\t<\/div>\n\t\t<div class=\"elementor-element elementor-element-108a2a6 e-con-full e-flex e-con e-child\" data-id=\"108a2a6\" data-element_type=\"container\" data-e-type=\"container\">\n\t\t\t\t<div class=\"elementor-element elementor-element-15a4236 elementor-widget elementor-widget-heading\" data-id=\"15a4236\" data-element_type=\"widget\" data-e-type=\"widget\" data-widget_type=\"heading.default\">\n\t\t\t\t\t<h2 class=\"elementor-heading-title elementor-size-default\">Im\u00e1zsia Filmklub<\/h2>\t\t\t\t<\/div>\n\t\t\t\t<div class=\"elementor-element elementor-element-bbbaa71 elementor-widget elementor-widget-text-editor\" data-id=\"bbbaa71\" data-element_type=\"widget\" data-e-type=\"widget\" data-widget_type=\"text-editor.default\">\n\t\t\t\t\t\t\t\t\t<p>\u00c1zsiai film\u00e9lm\u00e9nyek eg\u00e9sz \u00e9vben!<\/p>\t\t\t\t\t\t\t\t<\/div>\n\t\t\t\t<\/div>\n\t\t\t\t\t<\/div>\n\t\t\t\t<\/div>\n\t\t<div class=\"elementor-element elementor-element-0544767 e-flex e-con-boxed e-con e-parent\" data-id=\"0544767\" data-element_type=\"container\" data-e-type=\"container\">\n\t\t\t\t\t<div class=\"e-con-inner\">\n\t\t<div class=\"elementor-element elementor-element-3ffda3f e-con-full e-flex e-con e-child\" data-id=\"3ffda3f\" data-element_type=\"container\" data-e-type=\"container\">\n\t\t\t\t<div class=\"elementor-element elementor-element-83b76e3 elementor-widget-divider--view-line_text elementor-widget-divider--element-align-right elementor-widget elementor-widget-divider\" data-id=\"83b76e3\" data-element_type=\"widget\" data-e-type=\"widget\" data-widget_type=\"divider.default\">\n\t\t\t\t\t\t\t<div class=\"elementor-divider\">\n\t\t\t<span class=\"elementor-divider-separator\">\n\t\t\t\t\t\t\t<span class=\"elementor-divider__text elementor-divider__element\">\n\t\t\t\tIM\u00c1ZSIA FILMKLUB\t\t\t\t<\/span>\n\t\t\t\t\t\t<\/span>\n\t\t<\/div>\n\t\t\t\t\t\t<\/div>\n\t\t\t\t<div class=\"elementor-element elementor-element-3e52195 elementor-widget elementor-widget-heading\" data-id=\"3e52195\" data-element_type=\"widget\" data-e-type=\"widget\" data-widget_type=\"heading.default\">\n\t\t\t\t\t<h2 class=\"elementor-heading-title elementor-size-default\">Az Im\u00e1zsia Filmklub 2025-ben <br><span class=\"gradient-text\">szegedre l\u00e1togat!<\/span><\/h2>\t\t\t\t<\/div>\n\t\t\t\t<div class=\"elementor-element elementor-element-1abd34e elementor-widget elementor-widget-text-editor\" data-id=\"1abd34e\" data-element_type=\"widget\" data-e-type=\"widget\" data-widget_type=\"text-editor.default\">\n\t\t\t\t\t\t\t\t\t<p>Egy igazi film\u00fajdons\u00e1ggal \u00e9s az idei Im\u00e1zsia K\u00ednai Filmh\u00e9t k\u00e9t kiemelked\u0151 filmj\u00e9vel k\u00e9sz\u00fcl\u00fcnk a szegedi k\u00f6z\u00f6ns\u00e9gnek.<\/p><p>Helysz\u00edn: <a href=\"https:\/\/belvarosimozi.hu\/esemenyek\/imazsia-kinai-fimklub\">Szegedi Belv\u00e1rosi Mozi\u00a0<\/a><\/p><p><strong>Id\u0151pontok:<\/strong><\/p><ul><li>Okt\u00f3ber 26. 18:00 \u2013 Pillek\u00f6nny\u0171 (2025, v\u00edgj\u00e1t\u00e9k)<\/li><li>November 18. 18:00 \u2013 <a href=\"https:\/\/imazsia.com\/filmek\/jo-dolgok-sanghajbol\/\">J\u00f3 dolgok Sanghajb\u00f3l<\/a> (2024, v\u00edgj\u00e1t\u00e9k)<\/li><li>December 7. 18:00 \u2013 <a href=\"https:\/\/imazsia.com\/filmek\/fekete-ho\/\">Fekete h\u00f3<\/a> (1990, dr\u00e1ma, Berlin\u00e1l\u00e9 \u2013 Ez\u00fcst Medve-d\u00edj)<\/li><\/ul><p>Jegyek a helysz\u00ednen \u00e9s a szegedi Belv\u00e1rosi Mozi honlapj\u00e1n v\u00e1s\u00e1rolhat\u00f3ak!<\/p><p>T\u00e1rsszervez\u0151nk a Budapesti K\u00ednai Kultur\u00e1lis K\u00f6zpont<\/p>\t\t\t\t\t\t\t\t<\/div>\n\t\t\t\t<div class=\"elementor-element elementor-element-74bac65 elementor-widget elementor-widget-image\" data-id=\"74bac65\" data-element_type=\"widget\" data-e-type=\"widget\" data-widget_type=\"image.default\">\n\t\t\t\t\t\t\t\t\t\t\t\t\t\t\t<img fetchpriority=\"high\" decoding=\"async\" width=\"800\" height=\"304\" src=\"https:\/\/imazsia.com\/wp-content\/uploads\/2025\/08\/Budapesti-Kinai-Kulturalis-Kozpont.png\" class=\"attachment-large size-large wp-image-1582\" alt=\"\" srcset=\"https:\/\/imazsia.com\/wp-content\/uploads\/2025\/08\/Budapesti-Kinai-Kulturalis-Kozpont.png 820w, https:\/\/imazsia.com\/wp-content\/uploads\/2025\/08\/Budapesti-Kinai-Kulturalis-Kozpont-600x228.png 600w, https:\/\/imazsia.com\/wp-content\/uploads\/2025\/08\/Budapesti-Kinai-Kulturalis-Kozpont-300x114.png 300w, https:\/\/imazsia.com\/wp-content\/uploads\/2025\/08\/Budapesti-Kinai-Kulturalis-Kozpont-768x292.png 768w, https:\/\/imazsia.com\/wp-content\/uploads\/2025\/08\/Budapesti-Kinai-Kulturalis-Kozpont-18x7.png 18w\" sizes=\"(max-width: 800px) 100vw, 800px\" \/>\t\t\t\t\t\t\t\t\t\t\t\t\t\t\t<\/div>\n\t\t\t\t<\/div>\n\t\t<div class=\"elementor-element elementor-element-7eb00dd e-con-full e-flex e-con e-child\" data-id=\"7eb00dd\" data-element_type=\"container\" data-e-type=\"container\">\n\t\t<div class=\"elementor-element elementor-element-9d71c14 e-con-full e-flex e-con e-child\" data-id=\"9d71c14\" data-element_type=\"container\" data-e-type=\"container\">\n\t\t\t\t<div class=\"elementor-element elementor-element-4ecc9bc elementor-skin-carousel elementor-arrows-yes elementor-pagination-type-bullets elementor-pagination-position-outside elementor-widget elementor-widget-media-carousel\" data-id=\"4ecc9bc\" data-element_type=\"widget\" data-e-type=\"widget\" data-settings=\"{&quot;slides_per_view&quot;:&quot;1&quot;,&quot;slides_per_view_tablet&quot;:&quot;3&quot;,&quot;slides_per_view_mobile&quot;:&quot;1&quot;,&quot;skin&quot;:&quot;carousel&quot;,&quot;effect&quot;:&quot;slide&quot;,&quot;show_arrows&quot;:&quot;yes&quot;,&quot;pagination&quot;:&quot;bullets&quot;,&quot;speed&quot;:500,&quot;autoplay&quot;:&quot;yes&quot;,&quot;autoplay_speed&quot;:5000,&quot;loop&quot;:&quot;yes&quot;,&quot;pause_on_hover&quot;:&quot;yes&quot;,&quot;pause_on_interaction&quot;:&quot;yes&quot;,&quot;space_between&quot;:{&quot;unit&quot;:&quot;px&quot;,&quot;size&quot;:10,&quot;sizes&quot;:[]},&quot;space_between_tablet&quot;:{&quot;unit&quot;:&quot;px&quot;,&quot;size&quot;:10,&quot;sizes&quot;:[]},&quot;space_between_mobile&quot;:{&quot;unit&quot;:&quot;px&quot;,&quot;size&quot;:10,&quot;sizes&quot;:[]}}\" data-widget_type=\"media-carousel.default\">\n\t\t\t\t\t\t\t\t\t\t<div class=\"elementor-main-swiper swiper\" role=\"region\" aria-roledescription=\"carousel\" aria-label=\"Di\u00e1k\">\n\t\t\t\t<div class=\"swiper-wrapper\">\n\t\t\t\t\t\t\t\t\t\t\t<div class=\"swiper-slide\" role=\"group\" aria-roledescription=\"slide\">\n\t\t\t\t\t\t\t\t\t<div class=\"elementor-carousel-image\" role=\"img\" aria-label=\"p2924927926\" style=\"background-image: url(&#039;https:\/\/imazsia.com\/wp-content\/uploads\/2025\/09\/p2924927926.webp&#039;)\">\n\n\t\t\t\n\t\t\t\t\t<\/div>\n\t\t\t\t\t\t\t\t<\/div>\n\t\t\t\t\t\t\t\t\t\t\t<div class=\"swiper-slide\" role=\"group\" aria-roledescription=\"slide\">\n\t\t\t\t\t\t\t\t\t<div class=\"elementor-carousel-image\" role=\"img\" aria-label=\"Fekete h\u00f3\" style=\"background-image: url(&#039;https:\/\/imazsia.com\/wp-content\/uploads\/2025\/08\/Fekete-ho-.jpg&#039;)\">\n\n\t\t\t\n\t\t\t\t\t<\/div>\n\t\t\t\t\t\t\t\t<\/div>\n\t\t\t\t\t\t\t\t\t\t\t<div class=\"swiper-slide\" role=\"group\" aria-roledescription=\"slide\">\n\t\t\t\t\t\t\t\t\t<div class=\"elementor-carousel-image\" role=\"img\" aria-label=\"jo-dolgok-film\" style=\"background-image: url(&#039;https:\/\/imazsia.com\/wp-content\/uploads\/2025\/08\/jo-dolgok-film.jpg&#039;)\">\n\n\t\t\t\n\t\t\t\t\t<\/div>\n\t\t\t\t\t\t\t\t<\/div>\n\t\t\t\t\t\t\t\t\t<\/div>\n\t\t\t\t\t\t\t\t\t\t\t\t\t\t\t<div class=\"elementor-swiper-button elementor-swiper-button-prev\" role=\"button\" tabindex=\"0\" aria-label=\"Previous\">\n\t\t\t\t\t\t\t<svg aria-hidden=\"true\" class=\"e-font-icon-svg e-eicon-chevron-left\" viewBox=\"0 0 1000 1000\" xmlns=\"http:\/\/www.w3.org\/2000\/svg\"><path d=\"M646 125C629 125 613 133 604 142L308 442C296 454 292 471 292 487 292 504 296 521 308 533L604 854C617 867 629 875 646 875 663 875 679 871 692 858 704 846 713 829 713 812 713 796 708 779 692 767L438 487 692 225C700 217 708 204 708 187 708 171 704 154 692 142 675 129 663 125 646 125Z\"><\/path><\/svg>\t\t\t\t\t\t<\/div>\n\t\t\t\t\t\t<div class=\"elementor-swiper-button elementor-swiper-button-next\" role=\"button\" tabindex=\"0\" aria-label=\"Next\">\n\t\t\t\t\t\t\t<svg aria-hidden=\"true\" class=\"e-font-icon-svg e-eicon-chevron-right\" viewBox=\"0 0 1000 1000\" xmlns=\"http:\/\/www.w3.org\/2000\/svg\"><path d=\"M696 533C708 521 713 504 713 487 713 471 708 454 696 446L400 146C388 133 375 125 354 125 338 125 325 129 313 142 300 154 292 171 292 187 292 204 296 221 308 233L563 492 304 771C292 783 288 800 288 817 288 833 296 850 308 863 321 871 338 875 354 875 371 875 388 867 400 854L696 533Z\"><\/path><\/svg>\t\t\t\t\t\t<\/div>\n\t\t\t\t\t\t\t\t\t\t\t\t\t\t\t\t<div class=\"swiper-pagination\"><\/div>\n\t\t\t\t\t\t\t\t\t\t\t\t<\/div>\n\t\t\t\t\t\t\t\t<\/div>\n\t\t\t\t<\/div>\n\t\t\t\t<\/div>\n\t\t\t\t\t<\/div>\n\t\t\t\t<\/div>\n\t\t<div class=\"elementor-element elementor-element-44af8c9 e-flex e-con-boxed e-con e-parent\" data-id=\"44af8c9\" data-element_type=\"container\" data-e-type=\"container\" data-settings=\"{&quot;background_background&quot;:&quot;classic&quot;}\">\n\t\t\t\t\t<div class=\"e-con-inner\">\n\t\t<div class=\"elementor-element elementor-element-b3feca6 e-con-full e-flex e-con e-child\" data-id=\"b3feca6\" data-element_type=\"container\" data-e-type=\"container\">\n\t\t\t\t<div class=\"elementor-element elementor-element-a82479a elementor-widget-divider--view-line_text elementor-widget-divider--element-align-center elementor-widget elementor-widget-divider\" data-id=\"a82479a\" data-element_type=\"widget\" data-e-type=\"widget\" data-widget_type=\"divider.default\">\n\t\t\t\t\t\t\t<div class=\"elementor-divider\">\n\t\t\t<span class=\"elementor-divider-separator\">\n\t\t\t\t\t\t\t<span class=\"elementor-divider__text elementor-divider__element\">\n\t\t\t\tH\u00cdRLEV\u00c9L\t\t\t\t<\/span>\n\t\t\t\t\t\t<\/span>\n\t\t<\/div>\n\t\t\t\t\t\t<\/div>\n\t\t\t\t<div class=\"elementor-element elementor-element-2dd48ee elementor-widget elementor-widget-heading\" data-id=\"2dd48ee\" data-element_type=\"widget\" data-e-type=\"widget\" data-widget_type=\"heading.default\">\n\t\t\t\t\t<h2 class=\"elementor-heading-title elementor-size-default\">NE MARADJ LE <span class=\"gradient-text\">AKTU\u00c1LIS H\u00cdREINKR\u0150L<\/span>, <br>IRATKOZZ FEL h\u00edrlevel\u00fcnkre!<\/h2>\t\t\t\t<\/div>\n\t\t\t\t<div class=\"elementor-element elementor-element-5b0aaaf elementor-widget elementor-widget-text-editor\" data-id=\"5b0aaaf\" data-element_type=\"widget\" data-e-type=\"widget\" data-widget_type=\"text-editor.default\">\n\t\t\t\t\t\t\t\t\t<p>\u00c9rtes\u00fclj els\u0151k\u00e9nt legfrissebb h\u00edreinkr\u0151l, valamint aktu\u00e1lis programjainkr\u00f3l!<\/p>\t\t\t\t\t\t\t\t<\/div>\n\t\t\t\t<div class=\"elementor-element elementor-element-5e8c734 elementor-widget__width-initial elementor-button-align-stretch elementor-widget elementor-widget-form\" data-id=\"5e8c734\" data-element_type=\"widget\" data-e-type=\"widget\" data-settings=\"{&quot;step_next_label&quot;:&quot;K\\u00f6vetkez\\u0151&quot;,&quot;step_previous_label&quot;:&quot;El\\u0151z\\u0151&quot;,&quot;button_width&quot;:&quot;100&quot;,&quot;step_type&quot;:&quot;number_text&quot;,&quot;step_icon_shape&quot;:&quot;circle&quot;}\" data-widget_type=\"form.default\">\n\t\t\t\t\t\t\t<form class=\"elementor-form\" method=\"post\" id=\"hirlevel\" name=\"hirlev\u00e9l\" aria-label=\"hirlev\u00e9l\" novalidate=\"\">\n\t\t\t<input type=\"hidden\" name=\"post_id\" value=\"697\"\/>\n\t\t\t<input type=\"hidden\" name=\"form_id\" value=\"5e8c734\"\/>\n\t\t\t<input type=\"hidden\" name=\"referer_title\" value=\"Im\u00e1zsia Filmklub\" \/>\n\n\t\t\t\t\t\t\t<input type=\"hidden\" name=\"queried_id\" value=\"697\"\/>\n\t\t\t\n\t\t\t<div class=\"elementor-form-fields-wrapper elementor-labels-\">\n\t\t\t\t\t\t\t\t<div class=\"elementor-field-type-text elementor-field-group elementor-column elementor-field-group-name elementor-col-50 elementor-field-required\">\n\t\t\t\t\t\t\t\t\t\t\t\t<label for=\"form-field-name\" class=\"elementor-field-label elementor-screen-only\">\n\t\t\t\t\t\t\t\tN\u00e9v\t\t\t\t\t\t\t<\/label>\n\t\t\t\t\t\t\t\t\t\t\t\t\t\t<input size=\"1\" type=\"text\" name=\"form_fields[name]\" id=\"form-field-name\" class=\"elementor-field elementor-size-sm  elementor-field-textual\" placeholder=\"N\u00e9v\" required=\"required\">\n\t\t\t\t\t\t\t\t\t\t\t<\/div>\n\t\t\t\t\t\t\t\t<div class=\"elementor-field-type-email elementor-field-group elementor-column elementor-field-group-email elementor-col-50 elementor-field-required\">\n\t\t\t\t\t\t\t\t\t\t\t\t<label for=\"form-field-email\" class=\"elementor-field-label elementor-screen-only\">\n\t\t\t\t\t\t\t\tE-mail\t\t\t\t\t\t\t<\/label>\n\t\t\t\t\t\t\t\t\t\t\t\t\t\t<input size=\"1\" type=\"email\" name=\"form_fields[email]\" id=\"form-field-email\" class=\"elementor-field elementor-size-sm  elementor-field-textual\" placeholder=\"E-mail c\u00edm\" required=\"required\">\n\t\t\t\t\t\t\t\t\t\t\t<\/div>\n\t\t\t\t\t\t\t\t<div class=\"elementor-field-type-acceptance elementor-field-group elementor-column elementor-field-group-message elementor-col-100 elementor-field-required\">\n\t\t\t\t\t\t\t\t\t\t\t\t<label for=\"form-field-message\" class=\"elementor-field-label elementor-screen-only\">\n\t\t\t\t\t\t\t\tAdatv\u00e9delem\t\t\t\t\t\t\t<\/label>\n\t\t\t\t\t\t\t\t<div class=\"elementor-field-subgroup\">\n\t\t\t<span class=\"elementor-field-option\">\n\t\t\t\t<input type=\"checkbox\" name=\"form_fields[message]\" id=\"form-field-message\" class=\"elementor-field elementor-size-sm  elementor-acceptance-field\" required=\"required\">\n\t\t\t\t<label for=\"form-field-message\">Feliratkozom a h\u00edrlev\u00e9lre, \u00e9s elfogadom az <a href=\"\/adatvedelem\" target=\"_blank\">adatv\u00e9delmi nyilatkozat<\/a>-ot.<\/label>\t\t\t<\/span>\n\t\t<\/div>\n\t\t\t\t\t\t<\/div>\n\t\t\t\t\t\t\t\t<div class=\"elementor-field-group elementor-column elementor-field-type-submit elementor-col-100 e-form__buttons\">\n\t\t\t\t\t<button class=\"elementor-button elementor-size-sm\" type=\"submit\">\n\t\t\t\t\t\t<span class=\"elementor-button-content-wrapper\">\n\t\t\t\t\t\t\t\t\t\t\t\t\t\t\t<span class=\"elementor-button-icon\">\n\t\t\t\t\t\t\t\t\t<svg aria-hidden=\"true\" class=\"e-font-icon-svg e-fas-envelope-open-text\" viewBox=\"0 0 512 512\" xmlns=\"http:\/\/www.w3.org\/2000\/svg\"><path d=\"M176 216h160c8.84 0 16-7.16 16-16v-16c0-8.84-7.16-16-16-16H176c-8.84 0-16 7.16-16 16v16c0 8.84 7.16 16 16 16zm-16 80c0 8.84 7.16 16 16 16h160c8.84 0 16-7.16 16-16v-16c0-8.84-7.16-16-16-16H176c-8.84 0-16 7.16-16 16v16zm96 121.13c-16.42 0-32.84-5.06-46.86-15.19L0 250.86V464c0 26.51 21.49 48 48 48h416c26.51 0 48-21.49 48-48V250.86L302.86 401.94c-14.02 10.12-30.44 15.19-46.86 15.19zm237.61-254.18c-8.85-6.94-17.24-13.47-29.61-22.81V96c0-26.51-21.49-48-48-48h-77.55c-3.04-2.2-5.87-4.26-9.04-6.56C312.6 29.17 279.2-.35 256 0c-23.2-.35-56.59 29.17-73.41 41.44-3.17 2.3-6 4.36-9.04 6.56H96c-26.51 0-48 21.49-48 48v44.14c-12.37 9.33-20.76 15.87-29.61 22.81A47.995 47.995 0 0 0 0 200.72v10.65l96 69.35V96h320v184.72l96-69.35v-10.65c0-14.74-6.78-28.67-18.39-37.77z\"><\/path><\/svg>\t\t\t\t\t\t\t\t\t\t\t\t\t\t\t\t\t<\/span>\n\t\t\t\t\t\t\t\t\t\t\t\t\t\t\t\t\t\t\t\t\t\t<span class=\"elementor-button-text\">FELIRATKOZ\u00c1S<\/span>\n\t\t\t\t\t\t\t\t\t\t\t\t\t<\/span>\n\t\t\t\t\t<\/button>\n\t\t\t\t<\/div>\n\t\t\t<\/div>\n\t\t<\/form>\n\t\t\t\t\t\t<\/div>\n\t\t\t\t<\/div>\n\t\t\t\t\t<\/div>\n\t\t\t\t<\/div>\n\t\t<div class=\"elementor-element elementor-element-d19463d e-flex e-con-boxed e-con e-parent\" data-id=\"d19463d\" data-element_type=\"container\" data-e-type=\"container\" data-settings=\"{&quot;background_background&quot;:&quot;gradient&quot;}\">\n\t\t\t\t\t<div class=\"e-con-inner\">\n\t\t\t\t<div class=\"elementor-element elementor-element-5bf2e8f elementor-widget elementor-widget-heading\" data-id=\"5bf2e8f\" data-element_type=\"widget\" data-e-type=\"widget\" data-widget_type=\"heading.default\">\n\t\t\t\t\t<h2 class=\"elementor-heading-title elementor-size-default\">Az Im\u00e1zsia K\u00ednai Filmklub t\u00e1rsszervez\u0151je a Budapesti K\u00ednai Kultur\u00e1lis K\u00f6zpont<\/h2>\t\t\t\t<\/div>\n\t\t\t\t<div class=\"elementor-element elementor-element-504c414 elementor-widget elementor-widget-image\" data-id=\"504c414\" data-element_type=\"widget\" data-e-type=\"widget\" data-widget_type=\"image.default\">\n\t\t\t\t\t\t\t\t\t\t\t\t\t\t\t<img fetchpriority=\"high\" decoding=\"async\" width=\"800\" height=\"304\" src=\"https:\/\/imazsia.com\/wp-content\/uploads\/2025\/08\/Budapesti-Kinai-Kulturalis-Kozpont.png\" class=\"attachment-large size-large wp-image-1582\" alt=\"\" srcset=\"https:\/\/imazsia.com\/wp-content\/uploads\/2025\/08\/Budapesti-Kinai-Kulturalis-Kozpont.png 820w, https:\/\/imazsia.com\/wp-content\/uploads\/2025\/08\/Budapesti-Kinai-Kulturalis-Kozpont-600x228.png 600w, https:\/\/imazsia.com\/wp-content\/uploads\/2025\/08\/Budapesti-Kinai-Kulturalis-Kozpont-300x114.png 300w, https:\/\/imazsia.com\/wp-content\/uploads\/2025\/08\/Budapesti-Kinai-Kulturalis-Kozpont-768x292.png 768w, https:\/\/imazsia.com\/wp-content\/uploads\/2025\/08\/Budapesti-Kinai-Kulturalis-Kozpont-18x7.png 18w\" sizes=\"(max-width: 800px) 100vw, 800px\" \/>\t\t\t\t\t\t\t\t\t\t\t\t\t\t\t<\/div>\n\t\t\t\t\t<\/div>\n\t\t\t\t<\/div>\n\t\t\t\t<\/div>\n\t\t","protected":false},"excerpt":{"rendered":"<p>\u00c1zsiai film\u00e9lm\u00e9nyek eg\u00e9sz \u00e9vben! IM\u00c1ZSIA FILMKLUB Az Im\u00e1zsia Filmklub 2025-ben szegedre l\u00e1togat! Egy igazi film\u00fajdons\u00e1ggal \u00e9s az idei Im\u00e1zsia K\u00ednai Filmh\u00e9t k\u00e9t kiemelked\u0151 filmj\u00e9vel k\u00e9sz\u00fcl\u00fcnk a szegedi k\u00f6z\u00f6ns\u00e9gnek. Helysz\u00edn: Szegedi Belv\u00e1rosi Mozi\u00a0 Id\u0151pontok: Okt\u00f3ber 26. 18:00 \u2013 Pillek\u00f6nny\u0171 (2025, v\u00edgj\u00e1t\u00e9k) November 18. 18:00 \u2013 J\u00f3 dolgok Sanghajb\u00f3l (2024, v\u00edgj\u00e1t\u00e9k) December 7. 18:00 \u2013 Fekete h\u00f3 [&hellip;]<\/p>\n","protected":false},"author":3,"featured_media":0,"parent":0,"menu_order":0,"comment_status":"closed","ping_status":"closed","template":"elementor_header_footer","meta":{"_acf_changed":false,"footnotes":""},"class_list":["post-697","page","type-page","status-publish","hentry"],"acf":[],"_links":{"self":[{"href":"https:\/\/imazsia.com\/en\/wp-json\/wp\/v2\/pages\/697","targetHints":{"allow":["GET"]}}],"collection":[{"href":"https:\/\/imazsia.com\/en\/wp-json\/wp\/v2\/pages"}],"about":[{"href":"https:\/\/imazsia.com\/en\/wp-json\/wp\/v2\/types\/page"}],"author":[{"embeddable":true,"href":"https:\/\/imazsia.com\/en\/wp-json\/wp\/v2\/users\/3"}],"replies":[{"embeddable":true,"href":"https:\/\/imazsia.com\/en\/wp-json\/wp\/v2\/comments?post=697"}],"version-history":[{"count":43,"href":"https:\/\/imazsia.com\/en\/wp-json\/wp\/v2\/pages\/697\/revisions"}],"predecessor-version":[{"id":2433,"href":"https:\/\/imazsia.com\/en\/wp-json\/wp\/v2\/pages\/697\/revisions\/2433"}],"wp:attachment":[{"href":"https:\/\/imazsia.com\/en\/wp-json\/wp\/v2\/media?parent=697"}],"curies":[{"name":"wp","href":"https:\/\/api.w.org\/{rel}","templated":true}]}}