{"id":1457,"date":"2025-08-08T21:25:18","date_gmt":"2025-08-08T19:25:18","guid":{"rendered":"https:\/\/filmhet.kreativoldal.hu\/?post_type=product&#038;p=1457"},"modified":"2025-08-08T21:26:34","modified_gmt":"2025-08-08T19:26:34","slug":"imazsia-plakat-elek-halok","status":"publish","type":"product","link":"https:\/\/imazsia.com\/en\/product\/imazsia-plakat-elek-halok\/","title":{"rendered":"Image poster - I live, I die, I am rich"},"content":{"rendered":"","protected":false},"excerpt":{"rendered":"<p>Ez egy teszt term\u00e9k, egy plak\u00e1tr\u00f3l, amit b\u00e1rmikor megv\u00e1s\u00e1rolhatsz.<\/p>","protected":false},"featured_media":1349,"template":"","meta":{"_acf_changed":false},"product_brand":[],"product_cat":[27],"product_tag":[],"class_list":{"0":"post-1457","1":"product","2":"type-product","3":"status-publish","4":"has-post-thumbnail","6":"product_cat-egyeb","8":"first","9":"instock","10":"shipping-taxable","11":"purchasable","12":"product-type-simple"},"acf":[],"_links":{"self":[{"href":"https:\/\/imazsia.com\/en\/wp-json\/wp\/v2\/product\/1457","targetHints":{"allow":["GET"]}}],"collection":[{"href":"https:\/\/imazsia.com\/en\/wp-json\/wp\/v2\/product"}],"about":[{"href":"https:\/\/imazsia.com\/en\/wp-json\/wp\/v2\/types\/product"}],"wp:featuredmedia":[{"embeddable":true,"href":"https:\/\/imazsia.com\/en\/wp-json\/wp\/v2\/media\/1349"}],"wp:attachment":[{"href":"https:\/\/imazsia.com\/en\/wp-json\/wp\/v2\/media?parent=1457"}],"wp:term":[{"taxonomy":"product_brand","embeddable":true,"href":"https:\/\/imazsia.com\/en\/wp-json\/wp\/v2\/product_brand?post=1457"},{"taxonomy":"product_cat","embeddable":true,"href":"https:\/\/imazsia.com\/en\/wp-json\/wp\/v2\/product_cat?post=1457"},{"taxonomy":"product_tag","embeddable":true,"href":"https:\/\/imazsia.com\/en\/wp-json\/wp\/v2\/product_tag?post=1457"}],"curies":[{"name":"wp","href":"https:\/\/api.w.org\/{rel}","templated":true}]}}