{"id":1943,"date":"2025-08-19T12:22:56","date_gmt":"2025-08-19T10:22:56","guid":{"rendered":"https:\/\/filmhet.kreativoldal.hu\/?page_id=1943"},"modified":"2025-08-19T15:29:46","modified_gmt":"2025-08-19T13:29:46","slug":"megnyito-2024","status":"publish","type":"page","link":"https:\/\/imazsia.com\/zh\/imazsia-kinai-filmhet-2024\/megnyito-2024\/","title":{"rendered":"2024 \u5e74\u5f00\u653e"},"content":{"rendered":"<div data-elementor-type=\"wp-page\" data-elementor-id=\"1943\" class=\"elementor elementor-1943\" data-elementor-post-type=\"page\">\n\t\t\t\t<div class=\"elementor-element elementor-element-2ceef00 e-flex e-con-boxed e-con e-parent\" data-id=\"2ceef00\" data-element_type=\"container\" data-e-type=\"container\" data-settings=\"{&quot;background_background&quot;:&quot;classic&quot;,&quot;shape_divider_bottom&quot;:&quot;split&quot;}\">\n\t\t\t\t\t<div class=\"e-con-inner\">\n\t\t\t\t<div class=\"elementor-shape elementor-shape-bottom\" aria-hidden=\"true\" data-negative=\"false\">\n\t\t\t<svg xmlns=\"http:\/\/www.w3.org\/2000\/svg\" viewbox=\"0 0 1000 20\" preserveaspectratio=\"none\">\n\t<path class=\"elementor-shape-fill\" d=\"M0,0v3c0,0,393.8,0,483.4,0c9.2,0,16.6,7.4,16.6,16.6c0-9.1,7.4-16.6,16.6-16.6C606.2,3,1000,3,1000,3V0H0z\"\/>\n<\/svg>\t\t<\/div>\n\t\t<div class=\"elementor-element elementor-element-c5a965d e-con-full e-flex e-con e-child\" data-id=\"c5a965d\" data-element_type=\"container\" data-e-type=\"container\">\n\t\t\t\t<div class=\"elementor-element elementor-element-3df2c7c elementor-widget elementor-widget-heading\" data-id=\"3df2c7c\" data-element_type=\"widget\" data-e-type=\"widget\" data-widget_type=\"heading.default\">\n\t\t\t\t\t<h2 class=\"elementor-heading-title elementor-size-default\">2024 \u5e74\u5f00\u653e<\/h2>\t\t\t\t<\/div>\n\t\t\t\t<div class=\"elementor-element elementor-element-e11be17 elementor-widget elementor-widget-text-editor\" data-id=\"e11be17\" data-element_type=\"widget\" data-e-type=\"widget\" data-widget_type=\"text-editor.default\">\n\t\t\t\t\t\t\t\t\t<p>2024 \u5f71\u50cf\u4e2d\u56fd\u7535\u5f71\u5468\u5728\u7b2c\u4e8c\u5929\u6b63\u5f0f\u5f00\u5e55\u3002<\/p>\t\t\t\t\t\t\t\t<\/div>\n\t\t\t\t<\/div>\n\t\t\t\t\t<\/div>\n\t\t\t\t<\/div>\n\t\t<div class=\"elementor-element elementor-element-6e0d225 e-flex e-con-boxed e-con e-parent\" data-id=\"6e0d225\" data-element_type=\"container\" data-e-type=\"container\">\n\t\t\t\t\t<div class=\"e-con-inner\">\n\t\t<div class=\"elementor-element elementor-element-e511640 e-con-full e-flex e-con e-child\" data-id=\"e511640\" data-element_type=\"container\" data-e-type=\"container\">\n\t\t\t\t<div class=\"elementor-element elementor-element-270821d elementor-widget-divider--view-line_text elementor-widget-divider--element-align-right elementor-widget elementor-widget-divider\" data-id=\"270821d\" data-element_type=\"widget\" data-e-type=\"widget\" data-widget_type=\"divider.default\">\n\t\t\t\t\t\t\t<div class=\"elementor-divider\">\n\t\t\t<span class=\"elementor-divider-separator\">\n\t\t\t\t\t\t\t<span class=\"elementor-divider__text elementor-divider__element\">\n\t\t\t\t2024 \u5e74\u5f00\u653e\t\t\t\t<\/span>\n\t\t\t\t\t\t<\/span>\n\t\t<\/div>\n\t\t\t\t\t\t<\/div>\n\t\t\t\t<div class=\"elementor-element elementor-element-0a97761 elementor-widget elementor-widget-heading\" data-id=\"0a97761\" data-element_type=\"widget\" data-e-type=\"widget\" data-widget_type=\"heading.default\">\n\t\t\t\t\t<h2 class=\"elementor-heading-title elementor-size-default\">A <span class=\"gradient-text\">\u5f00\u5e55 <\/span>\u8be6\u60c5<\/h2>\t\t\t\t<\/div>\n\t\t\t\t<div class=\"elementor-element elementor-element-c746859 elementor-widget elementor-widget-text-editor\" data-id=\"c746859\" data-element_type=\"widget\" data-e-type=\"widget\" data-widget_type=\"text-editor.default\">\n\t\t\t\t\t\t\t\t\t<p>\u5f71\u50cf\u4e2d\u56fd\u7535\u5f71\u5468 \"\u7684\u5f00\u5e55\u5f71\u7247\u662f\u8fd1\u5e74\u6765\u6700\u5356\u5ea7\u7684\u4e2d\u56fd\u7535\u5f71\u4e4b\u4e00\u300a\u751f\u6b7b\u5bcc\u8d35\u300b\u3002\u653e\u6620\u524d\uff0c\u653f\u5e9c\u7535\u5f71\u4e13\u5458 Csaba K\u00e1el \u81f4\u6b22\u8fce\u8f9e\u3002<\/p><p>\u6b63\u5f0f\u5f00\u5e55\u5f0f\u5c06\u5728\u7535\u5f71\u5468\u7684\u7b2c\u4e8c\u5929\u4e3e\u884c\uff0c\u4e2d\u534e\u4eba\u6c11\u5171\u548c\u56fd\u5927\u4f7f\u9f9a\u6d9b\u3001\u56fd\u5bb6\u7535\u5f71\u5b66\u9662\u9996\u5e2d\u6267\u884c\u5b98 \u00c1kos P\u00e1l \u548c\u7535\u5f71\u5468\u4e3b\u8981\u7ec4\u7ec7\u8005\u4e4b\u4e00 Vikt\u00f3ria V\u00e1radi \u5c06\u81f4\u6b22\u8fce\u8f9e\u3002<\/p>\t\t\t\t\t\t\t\t<\/div>\n\t\t<div class=\"elementor-element elementor-element-413c7c4 e-con-full e-flex e-con e-child\" data-id=\"413c7c4\" data-element_type=\"container\" data-e-type=\"container\">\n\t\t\t\t<div class=\"elementor-element elementor-element-48ec91a elementor-align-left elementor-tablet-align-center elementor-widget__width-initial elementor-widget elementor-widget-button\" data-id=\"48ec91a\" data-element_type=\"widget\" data-e-type=\"widget\" data-widget_type=\"button.default\">\n\t\t\t\t\t\t\t\t\t\t<a class=\"elementor-button elementor-button-link elementor-size-sm\" href=\"https:\/\/imazsia.com\/zh\/imazsia-kinai-filmhet-2024\/\">\n\t\t\t\t\t\t<span class=\"elementor-button-content-wrapper\">\n\t\t\t\t\t\t<span class=\"elementor-button-icon\">\n\t\t\t\t<svg aria-hidden=\"true\" class=\"e-font-icon-svg e-fas-video\" viewbox=\"0 0 576 512\" xmlns=\"http:\/\/www.w3.org\/2000\/svg\"><path d=\"M336.2 64H47.8C21.4 64 0 85.4 0 111.8v288.4C0 426.6 21.4 448 47.8 448h288.4c26.4 0 47.8-21.4 47.8-47.8V111.8c0-26.4-21.4-47.8-47.8-47.8zm189.4 37.7L416 177.3v157.4l109.6 75.5c21.2 14.6 50.4-.3 50.4-25.8V127.5c0-25.4-29.1-40.4-50.4-25.8z\"><\/path><\/svg>\t\t\t<\/span>\n\t\t\t\t\t\t\t\t\t<span class=\"elementor-button-text\">\u7535\u5f71<\/span>\n\t\t\t\t\t<\/span>\n\t\t\t\t\t<\/a>\n\t\t\t\t\t\t\t\t<\/div>\n\t\t\t\t<div class=\"elementor-element elementor-element-a079fc7 elementor-align-left elementor-widget__width-initial elementor-mobile-align-center elementor-widget elementor-widget-button\" data-id=\"a079fc7\" data-element_type=\"widget\" data-e-type=\"widget\" data-widget_type=\"button.default\">\n\t\t\t\t\t\t\t\t\t\t<a class=\"elementor-button elementor-button-link elementor-size-sm\" href=\"https:\/\/imazsia.com\/zh\/imazsia-kinai-filmhet-2024\/\">\n\t\t\t\t\t\t<span class=\"elementor-button-content-wrapper\">\n\t\t\t\t\t\t<span class=\"elementor-button-icon\">\n\t\t\t\t<svg aria-hidden=\"true\" class=\"e-font-icon-svg e-fas-user-friends\" viewbox=\"0 0 640 512\" xmlns=\"http:\/\/www.w3.org\/2000\/svg\"><path d=\"M192 256c61.9 0 112-50.1 112-112S253.9 32 192 32 80 82.1 80 144s50.1 112 112 112zm76.8 32h-8.3c-20.8 10-43.9 16-68.5 16s-47.6-6-68.5-16h-8.3C51.6 288 0 339.6 0 403.2V432c0 26.5 21.5 48 48 48h288c26.5 0 48-21.5 48-48v-28.8c0-63.6-51.6-115.2-115.2-115.2zM480 256c53 0 96-43 96-96s-43-96-96-96-96 43-96 96 43 96 96 96zm48 32h-3.8c-13.9 4.8-28.6 8-44.2 8s-30.3-3.2-44.2-8H432c-20.4 0-39.2 5.9-55.7 15.4 24.4 26.3 39.7 61.2 39.7 99.8v38.4c0 2.2-.5 4.3-.6 6.4H592c26.5 0 48-21.5 48-48 0-61.9-50.1-112-112-112z\"><\/path><\/svg>\t\t\t<\/span>\n\t\t\t\t\t\t\t\t\t<span class=\"elementor-button-text\">\u6211\u4eec\u7684\u4e3b\u5bbe<\/span>\n\t\t\t\t\t<\/span>\n\t\t\t\t\t<\/a>\n\t\t\t\t\t\t\t\t<\/div>\n\t\t\t\t<\/div>\n\t\t\t\t<\/div>\n\t\t<div class=\"elementor-element elementor-element-0425047 e-con-full e-flex e-con e-child\" data-id=\"0425047\" data-element_type=\"container\" data-e-type=\"container\">\n\t\t\t\t<div class=\"elementor-element elementor-element-24284e3 elementor-widget elementor-widget-image\" data-id=\"24284e3\" data-element_type=\"widget\" data-e-type=\"widget\" data-widget_type=\"image.default\">\n\t\t\t\t\t\t\t\t\t\t\t\t\t\t\t<img fetchpriority=\"high\" decoding=\"async\" width=\"800\" height=\"800\" src=\"https:\/\/imazsia.com\/wp-content\/uploads\/2025\/08\/filmklub-kepek-1024x1024.png\" class=\"attachment-large size-large wp-image-1223\" alt=\"\" srcset=\"https:\/\/imazsia.com\/wp-content\/uploads\/2025\/08\/filmklub-kepek-1024x1024.png 1024w, https:\/\/imazsia.com\/wp-content\/uploads\/2025\/08\/filmklub-kepek-300x300.png 300w, https:\/\/imazsia.com\/wp-content\/uploads\/2025\/08\/filmklub-kepek-100x100.png 100w, https:\/\/imazsia.com\/wp-content\/uploads\/2025\/08\/filmklub-kepek-600x600.png 600w, https:\/\/imazsia.com\/wp-content\/uploads\/2025\/08\/filmklub-kepek-150x150.png 150w, https:\/\/imazsia.com\/wp-content\/uploads\/2025\/08\/filmklub-kepek-768x768.png 768w, https:\/\/imazsia.com\/wp-content\/uploads\/2025\/08\/filmklub-kepek-12x12.png 12w, https:\/\/imazsia.com\/wp-content\/uploads\/2025\/08\/filmklub-kepek.png 1500w\" sizes=\"(max-width: 800px) 100vw, 800px\" \/>\t\t\t\t\t\t\t\t\t\t\t\t\t\t\t<\/div>\n\t\t\t\t<\/div>\n\t\t\t\t\t<\/div>\n\t\t\t\t<\/div>\n\t\t\t\t<\/div>","protected":false},"excerpt":{"rendered":"<p>A 2024-es Im\u00e1zsia K\u00ednai Filmh\u00e9t hivatalos megnyit\u00f3j\u00e1ra a filmh\u00e9t m\u00e1sodik napj\u00e1n ker\u00fclt sor. MEGNYIT\u00d3 2024-ben A megnyit\u00f3 r\u00e9szletei Az Im\u00e1zsia K\u00ednai filmh\u00e9t nyit\u00f3filmje az elm\u00falt \u00e9vek egyik legnagyobb k\u00ednai filmsikere, az \u00c9lek, halok, gazdagodok volt. A vet\u00edt\u00e9s el\u0151tt \u00fcdv\u00f6zl\u0151besz\u00e9det mondott K\u00e1el Csaba, film\u00fcgyi korm\u00e1nybiztos. A hivatalos megnyit\u00f3ra a filmh\u00e9t m\u00e1sodik napj\u00e1n ker\u00fcl sor, melyen \u00fcdv\u00f6zl\u0151besz\u00e9det [&hellip;]<\/p>\n","protected":false},"author":3,"featured_media":0,"parent":1795,"menu_order":0,"comment_status":"closed","ping_status":"closed","template":"elementor_header_footer","meta":{"_acf_changed":false,"footnotes":""},"class_list":["post-1943","page","type-page","status-publish","hentry"],"acf":[],"_links":{"self":[{"href":"https:\/\/imazsia.com\/zh\/wp-json\/wp\/v2\/pages\/1943","targetHints":{"allow":["GET"]}}],"collection":[{"href":"https:\/\/imazsia.com\/zh\/wp-json\/wp\/v2\/pages"}],"about":[{"href":"https:\/\/imazsia.com\/zh\/wp-json\/wp\/v2\/types\/page"}],"author":[{"embeddable":true,"href":"https:\/\/imazsia.com\/zh\/wp-json\/wp\/v2\/users\/3"}],"replies":[{"embeddable":true,"href":"https:\/\/imazsia.com\/zh\/wp-json\/wp\/v2\/comments?post=1943"}],"version-history":[{"count":5,"href":"https:\/\/imazsia.com\/zh\/wp-json\/wp\/v2\/pages\/1943\/revisions"}],"predecessor-version":[{"id":2063,"href":"https:\/\/imazsia.com\/zh\/wp-json\/wp\/v2\/pages\/1943\/revisions\/2063"}],"up":[{"embeddable":true,"href":"https:\/\/imazsia.com\/zh\/wp-json\/wp\/v2\/pages\/1795"}],"wp:attachment":[{"href":"https:\/\/imazsia.com\/zh\/wp-json\/wp\/v2\/media?parent=1943"}],"curies":[{"name":"wp","href":"https:\/\/api.w.org\/{rel}","templated":true}]}}