{"id":1969,"date":"2025-08-19T14:28:22","date_gmt":"2025-08-19T12:28:22","guid":{"rendered":"https:\/\/imazsia.hu\/?page_id=1969"},"modified":"2025-08-19T14:28:58","modified_gmt":"2025-08-19T12:28:58","slug":"diszvendegek-2024","status":"publish","type":"page","link":"https:\/\/imazsia.com\/zh\/imazsia-kinai-filmhet-2024\/diszvendegek-2024\/","title":{"rendered":"2024 \u5e74\u4e3b\u5bbe\u56fd"},"content":{"rendered":"\t\t<div data-elementor-type=\"wp-page\" data-elementor-id=\"1969\" class=\"elementor elementor-1969\" data-elementor-post-type=\"page\">\n\t\t\t\t<div class=\"elementor-element elementor-element-d751ffc e-flex e-con-boxed e-con e-parent\" data-id=\"d751ffc\" data-element_type=\"container\" data-e-type=\"container\" data-settings=\"{&quot;background_background&quot;:&quot;classic&quot;,&quot;shape_divider_bottom&quot;:&quot;split&quot;}\">\n\t\t\t\t\t<div class=\"e-con-inner\">\n\t\t\t\t<div class=\"elementor-shape elementor-shape-bottom\" aria-hidden=\"true\" data-negative=\"false\">\n\t\t\t<svg xmlns=\"http:\/\/www.w3.org\/2000\/svg\" viewBox=\"0 0 1000 20\" preserveAspectRatio=\"none\">\n\t<path class=\"elementor-shape-fill\" d=\"M0,0v3c0,0,393.8,0,483.4,0c9.2,0,16.6,7.4,16.6,16.6c0-9.1,7.4-16.6,16.6-16.6C606.2,3,1000,3,1000,3V0H0z\"\/>\n<\/svg>\t\t<\/div>\n\t\t<div class=\"elementor-element elementor-element-f358563 e-con-full e-flex e-con e-child\" data-id=\"f358563\" data-element_type=\"container\" data-e-type=\"container\">\n\t\t\t\t<div class=\"elementor-element elementor-element-3d74584 elementor-widget elementor-widget-heading\" data-id=\"3d74584\" data-element_type=\"widget\" data-e-type=\"widget\" data-widget_type=\"heading.default\">\n\t\t\t\t\t<h2 class=\"elementor-heading-title elementor-size-default\">D\u00edszvend\u00e9gek 2024<\/h2>\t\t\t\t<\/div>\n\t\t\t\t<div class=\"elementor-element elementor-element-a8c2622 elementor-widget elementor-widget-text-editor\" data-id=\"a8c2622\" data-element_type=\"widget\" data-e-type=\"widget\" data-widget_type=\"text-editor.default\">\n\t\t\t\t\t\t\t\t\t<p>Ismerd meg a 2024-es Im\u00e1zsia K\u00ednai Filmh\u00e9t d\u00edszvend\u00e9geit!<\/p>\t\t\t\t\t\t\t\t<\/div>\n\t\t\t\t<div class=\"elementor-element elementor-element-0c97bf8 elementor-align-left elementor-tablet-align-center elementor-widget elementor-widget-button\" data-id=\"0c97bf8\" data-element_type=\"widget\" data-e-type=\"widget\" data-widget_type=\"button.default\">\n\t\t\t\t\t\t\t\t\t\t<a class=\"elementor-button elementor-button-link elementor-size-sm\" href=\"#vendeg\">\n\t\t\t\t\t\t<span class=\"elementor-button-content-wrapper\">\n\t\t\t\t\t\t\t\t\t<span class=\"elementor-button-text\">ISMERD MEG \u0150KET!<\/span>\n\t\t\t\t\t<\/span>\n\t\t\t\t\t<\/a>\n\t\t\t\t\t\t\t\t<\/div>\n\t\t\t\t<\/div>\n\t\t\t\t\t<\/div>\n\t\t\t\t<\/div>\n\t\t<div class=\"elementor-element elementor-element-90c60d3 e-flex e-con-boxed e-con e-parent\" data-id=\"90c60d3\" data-element_type=\"container\" data-e-type=\"container\">\n\t\t\t\t\t<div class=\"e-con-inner\">\n\t\t\t\t<div class=\"elementor-element elementor-element-22359b5 elementor-widget elementor-widget-menu-anchor\" data-id=\"22359b5\" data-element_type=\"widget\" data-e-type=\"widget\" data-widget_type=\"menu-anchor.default\">\n\t\t\t\t\t\t\t<div class=\"elementor-menu-anchor\" id=\"vendeg\"><\/div>\n\t\t\t\t\t\t<\/div>\n\t\t\t\t<div class=\"elementor-element elementor-element-7ac6b95 elementor-grid-4 elementor-grid-mobile-1 elementor-grid-tablet-2 elementor-widget elementor-widget-loop-grid\" data-id=\"7ac6b95\" data-element_type=\"widget\" data-e-type=\"widget\" data-settings=\"{&quot;template_id&quot;:&quot;1420&quot;,&quot;columns&quot;:4,&quot;columns_mobile&quot;:1,&quot;_skin&quot;:&quot;post&quot;,&quot;columns_tablet&quot;:&quot;2&quot;,&quot;edit_handle_selector&quot;:&quot;[data-elementor-type=\\&quot;loop-item\\&quot;]&quot;,&quot;row_gap&quot;:{&quot;unit&quot;:&quot;px&quot;,&quot;size&quot;:&quot;&quot;,&quot;sizes&quot;:[]},&quot;row_gap_tablet&quot;:{&quot;unit&quot;:&quot;px&quot;,&quot;size&quot;:&quot;&quot;,&quot;sizes&quot;:[]},&quot;row_gap_mobile&quot;:{&quot;unit&quot;:&quot;px&quot;,&quot;size&quot;:&quot;&quot;,&quot;sizes&quot;:[]}}\" data-widget_type=\"loop-grid.post\">\n\t\t\t\t<div class=\"elementor-widget-container\">\n\t\t\t\t\t\t\t<div class=\"elementor-loop-container elementor-grid\" role=\"list\">\n\t\t<style id=\"loop-1420\">.elementor-1420 .elementor-element.elementor-element-43eeb8b{--display:flex;--border-radius:20px 20px 20px 20px;box-shadow:0px 0px 10px 0px rgba(0,0,0,0.5);--padding-top:0px;--padding-bottom:20px;--padding-left:0px;--padding-right:0px;}.elementor-1420 .elementor-element.elementor-element-43eeb8b:not(.elementor-motion-effects-element-type-background), .elementor-1420 .elementor-element.elementor-element-43eeb8b > .elementor-motion-effects-container > .elementor-motion-effects-layer{background-color:#FFFFFF;}.elementor-widget-image .widget-image-caption{color:var( --e-global-color-text );font-family:var( --e-global-typography-text-font-family ), Sans-serif;font-size:var( --e-global-typography-text-font-size );font-weight:var( --e-global-typography-text-font-weight );}.elementor-1420 .elementor-element.elementor-element-b4b2ce1 img{width:100%;border-radius:20px 20px 0px 0px;}.elementor-widget-theme-post-title .elementor-heading-title{font-family:var( --e-global-typography-primary-font-family ), Sans-serif;font-size:var( --e-global-typography-primary-font-size );font-weight:var( --e-global-typography-primary-font-weight );color:var( --e-global-color-primary );}.elementor-1420 .elementor-element.elementor-element-fcf059e{text-align:center;margin:15px 0px calc(var(--kit-widget-spacing, 0px) + 10px) 0px;}.elementor-1420 .elementor-element.elementor-element-fcf059e .elementor-heading-title{font-family:\"Open Sans\", Sans-serif;font-size:25px;font-weight:600;text-transform:uppercase;}.elementor-widget-button .elementor-button{font-family:var( --e-global-typography-accent-font-family ), Sans-serif;font-size:var( --e-global-typography-accent-font-size );font-weight:var( --e-global-typography-accent-font-weight );background-color:var( --e-global-color-accent );}.elementor-1420 .elementor-element.elementor-element-46bf0c6 .elementor-button{font-family:\"Open Sans\", Sans-serif;font-size:16px;font-weight:500;fill:#FFFFFF;color:#FFFFFF;background-color:transparent;background-image:linear-gradient(228deg, var( --e-global-color-1ec8ca5 ) 0%, var( --e-global-color-accent ) 97%);border-style:solid;border-width:2px 2px 2px 2px;border-color:#FFFFFF;border-radius:20px 20px 20px 20px;}.elementor-1420 .elementor-element.elementor-element-46bf0c6 .elementor-button:hover, .elementor-1420 .elementor-element.elementor-element-46bf0c6 .elementor-button:focus{color:#FFFFFF;background-color:transparent;background-image:linear-gradient(346deg, var( --e-global-color-1ec8ca5 ) 0%, var( --e-global-color-ae5d93b ) 100%);}.elementor-1420 .elementor-element.elementor-element-46bf0c6 .elementor-button:hover svg, .elementor-1420 .elementor-element.elementor-element-46bf0c6 .elementor-button:focus svg{fill:#FFFFFF;}.elementor-1420 .elementor-element.elementor-element-46bf0c6{margin:0px 0px calc(var(--kit-widget-spacing, 0px) + 0px) 0px;}@media(max-width:1024px){.elementor-widget-image .widget-image-caption{font-size:var( --e-global-typography-text-font-size );}.elementor-widget-theme-post-title .elementor-heading-title{font-size:var( --e-global-typography-primary-font-size );}.elementor-widget-button .elementor-button{font-size:var( --e-global-typography-accent-font-size );}}@media(max-width:767px){.elementor-widget-image .widget-image-caption{font-size:var( --e-global-typography-text-font-size );}.elementor-1420 .elementor-element.elementor-element-b4b2ce1 img{width:100%;}.elementor-widget-theme-post-title .elementor-heading-title{font-size:var( --e-global-typography-primary-font-size );}.elementor-1420 .elementor-element.elementor-element-fcf059e .elementor-heading-title{font-size:20px;}.elementor-widget-button .elementor-button{font-size:var( --e-global-typography-accent-font-size );}.elementor-1420 .elementor-element.elementor-element-46bf0c6 .elementor-button{font-size:14px;}}<\/style>\t\t<div data-elementor-type=\"loop-item\" data-elementor-id=\"1420\" class=\"elementor elementor-1420 e-loop-item e-loop-item-1927 post-1927 diszvendegek type-diszvendegek status-publish hentry category-diszvendegek-2024\" data-elementor-post-type=\"elementor_library\" data-custom-edit-handle=\"1\">\n\t\t\t<div class=\"elementor-element elementor-element-43eeb8b e-flex e-con-boxed e-con e-parent\" data-id=\"43eeb8b\" data-element_type=\"container\" data-e-type=\"container\" data-settings=\"{&quot;background_background&quot;:&quot;classic&quot;}\">\n\t\t\t\t\t<div class=\"e-con-inner\">\n\t\t\t\t<div class=\"elementor-element elementor-element-b4b2ce1 elementor-widget elementor-widget-image\" data-id=\"b4b2ce1\" data-element_type=\"widget\" data-e-type=\"widget\" data-widget_type=\"image.default\">\n\t\t\t\t\t\t\t\t\t\t\t\t\t\t\t\t<a href=\"https:\/\/imazsia.com\/zh\/diszvendegek\/ding-sheng\/\">\n\t\t\t\t\t\t\t<img fetchpriority=\"high\" decoding=\"async\" width=\"1500\" height=\"1700\" src=\"https:\/\/imazsia.com\/wp-content\/uploads\/2025\/08\/ding-sheng.jpg\" class=\"attachment-full size-full wp-image-1965\" alt=\"\" srcset=\"https:\/\/imazsia.com\/wp-content\/uploads\/2025\/08\/ding-sheng.jpg 1500w, https:\/\/imazsia.com\/wp-content\/uploads\/2025\/08\/ding-sheng-265x300.jpg 265w, https:\/\/imazsia.com\/wp-content\/uploads\/2025\/08\/ding-sheng-904x1024.jpg 904w, https:\/\/imazsia.com\/wp-content\/uploads\/2025\/08\/ding-sheng-768x870.jpg 768w, https:\/\/imazsia.com\/wp-content\/uploads\/2025\/08\/ding-sheng-1355x1536.jpg 1355w, https:\/\/imazsia.com\/wp-content\/uploads\/2025\/08\/ding-sheng-11x12.jpg 11w, https:\/\/imazsia.com\/wp-content\/uploads\/2025\/08\/ding-sheng-600x680.jpg 600w\" sizes=\"(max-width: 1500px) 100vw, 1500px\" \/>\t\t\t\t\t\t\t\t<\/a>\n\t\t\t\t\t\t\t\t\t\t\t\t\t\t\t<\/div>\n\t\t\t\t<div class=\"elementor-element elementor-element-fcf059e elementor-widget elementor-widget-theme-post-title elementor-page-title elementor-widget-heading\" data-id=\"fcf059e\" data-element_type=\"widget\" data-e-type=\"widget\" data-widget_type=\"theme-post-title.default\">\n\t\t\t\t\t<h1 class=\"elementor-heading-title elementor-size-default\">Ding Sheng<\/h1>\t\t\t\t<\/div>\n\t\t\t\t<div class=\"elementor-element elementor-element-46bf0c6 elementor-align-center elementor-tablet-align-center elementor-widget elementor-widget-button\" data-id=\"46bf0c6\" data-element_type=\"widget\" data-e-type=\"widget\" data-widget_type=\"button.default\">\n\t\t\t\t\t\t\t\t\t\t<a class=\"elementor-button elementor-button-link elementor-size-sm\" href=\"https:\/\/imazsia.com\/zh\/diszvendegek\/ding-sheng\/\">\n\t\t\t\t\t\t<span class=\"elementor-button-content-wrapper\">\n\t\t\t\t\t\t\t\t\t<span class=\"elementor-button-text\">BEMUTATKOZ\u00d3<\/span>\n\t\t\t\t\t<\/span>\n\t\t\t\t\t<\/a>\n\t\t\t\t\t\t\t\t<\/div>\n\t\t\t\t\t<\/div>\n\t\t\t\t<\/div>\n\t\t\t\t<\/div>\n\t\t\t\t<div data-elementor-type=\"loop-item\" data-elementor-id=\"1420\" class=\"elementor elementor-1420 e-loop-item e-loop-item-1966 post-1966 diszvendegek type-diszvendegek status-publish hentry category-diszvendegek-2024\" data-elementor-post-type=\"elementor_library\" data-custom-edit-handle=\"1\">\n\t\t\t<div class=\"elementor-element elementor-element-43eeb8b e-flex e-con-boxed e-con e-parent\" data-id=\"43eeb8b\" data-element_type=\"container\" data-e-type=\"container\" data-settings=\"{&quot;background_background&quot;:&quot;classic&quot;}\">\n\t\t\t\t\t<div class=\"e-con-inner\">\n\t\t\t\t<div class=\"elementor-element elementor-element-b4b2ce1 elementor-widget elementor-widget-image\" data-id=\"b4b2ce1\" data-element_type=\"widget\" data-e-type=\"widget\" data-widget_type=\"image.default\">\n\t\t\t\t\t\t\t\t\t\t\t\t\t\t\t\t<a href=\"https:\/\/imazsia.com\/zh\/diszvendegek\/xie-fei-2\/\">\n\t\t\t\t\t\t\t<img decoding=\"async\" width=\"1500\" height=\"1700\" src=\"https:\/\/imazsia.com\/wp-content\/uploads\/2025\/08\/diszvendegek-2025-1.jpg\" class=\"attachment-full size-full wp-image-1436\" alt=\"\" srcset=\"https:\/\/imazsia.com\/wp-content\/uploads\/2025\/08\/diszvendegek-2025-1.jpg 1500w, https:\/\/imazsia.com\/wp-content\/uploads\/2025\/08\/diszvendegek-2025-1-600x680.jpg 600w, https:\/\/imazsia.com\/wp-content\/uploads\/2025\/08\/diszvendegek-2025-1-265x300.jpg 265w, https:\/\/imazsia.com\/wp-content\/uploads\/2025\/08\/diszvendegek-2025-1-904x1024.jpg 904w, https:\/\/imazsia.com\/wp-content\/uploads\/2025\/08\/diszvendegek-2025-1-768x870.jpg 768w, https:\/\/imazsia.com\/wp-content\/uploads\/2025\/08\/diszvendegek-2025-1-1355x1536.jpg 1355w, https:\/\/imazsia.com\/wp-content\/uploads\/2025\/08\/diszvendegek-2025-1-11x12.jpg 11w\" sizes=\"(max-width: 1500px) 100vw, 1500px\" \/>\t\t\t\t\t\t\t\t<\/a>\n\t\t\t\t\t\t\t\t\t\t\t\t\t\t\t<\/div>\n\t\t\t\t<div class=\"elementor-element elementor-element-fcf059e elementor-widget elementor-widget-theme-post-title elementor-page-title elementor-widget-heading\" data-id=\"fcf059e\" data-element_type=\"widget\" data-e-type=\"widget\" data-widget_type=\"theme-post-title.default\">\n\t\t\t\t\t<h1 class=\"elementor-heading-title elementor-size-default\">Xie Fei<\/h1>\t\t\t\t<\/div>\n\t\t\t\t<div class=\"elementor-element elementor-element-46bf0c6 elementor-align-center elementor-tablet-align-center elementor-widget elementor-widget-button\" data-id=\"46bf0c6\" data-element_type=\"widget\" data-e-type=\"widget\" data-widget_type=\"button.default\">\n\t\t\t\t\t\t\t\t\t\t<a class=\"elementor-button elementor-button-link elementor-size-sm\" href=\"https:\/\/imazsia.com\/zh\/diszvendegek\/xie-fei-2\/\">\n\t\t\t\t\t\t<span class=\"elementor-button-content-wrapper\">\n\t\t\t\t\t\t\t\t\t<span class=\"elementor-button-text\">BEMUTATKOZ\u00d3<\/span>\n\t\t\t\t\t<\/span>\n\t\t\t\t\t<\/a>\n\t\t\t\t\t\t\t\t<\/div>\n\t\t\t\t\t<\/div>\n\t\t\t\t<\/div>\n\t\t\t\t<\/div>\n\t\t\t\t<div data-elementor-type=\"loop-item\" data-elementor-id=\"1420\" class=\"elementor elementor-1420 e-loop-item e-loop-item-1967 post-1967 diszvendegek type-diszvendegek status-publish hentry category-diszvendegek-2024\" data-elementor-post-type=\"elementor_library\" data-custom-edit-handle=\"1\">\n\t\t\t<div class=\"elementor-element elementor-element-43eeb8b e-flex e-con-boxed e-con e-parent\" data-id=\"43eeb8b\" data-element_type=\"container\" data-e-type=\"container\" data-settings=\"{&quot;background_background&quot;:&quot;classic&quot;}\">\n\t\t\t\t\t<div class=\"e-con-inner\">\n\t\t\t\t<div class=\"elementor-element elementor-element-b4b2ce1 elementor-widget elementor-widget-image\" data-id=\"b4b2ce1\" data-element_type=\"widget\" data-e-type=\"widget\" data-widget_type=\"image.default\">\n\t\t\t\t\t\t\t\t\t\t\t\t\t\t\t\t<a href=\"https:\/\/imazsia.com\/zh\/diszvendegek\/wu-guanping\/\">\n\t\t\t\t\t\t\t<img decoding=\"async\" width=\"1500\" height=\"1700\" src=\"https:\/\/imazsia.com\/wp-content\/uploads\/2025\/08\/Wu-Guanping.jpg\" class=\"attachment-full size-full wp-image-1968\" alt=\"\" srcset=\"https:\/\/imazsia.com\/wp-content\/uploads\/2025\/08\/Wu-Guanping.jpg 1500w, https:\/\/imazsia.com\/wp-content\/uploads\/2025\/08\/Wu-Guanping-265x300.jpg 265w, https:\/\/imazsia.com\/wp-content\/uploads\/2025\/08\/Wu-Guanping-904x1024.jpg 904w, https:\/\/imazsia.com\/wp-content\/uploads\/2025\/08\/Wu-Guanping-768x870.jpg 768w, https:\/\/imazsia.com\/wp-content\/uploads\/2025\/08\/Wu-Guanping-1355x1536.jpg 1355w, https:\/\/imazsia.com\/wp-content\/uploads\/2025\/08\/Wu-Guanping-11x12.jpg 11w, https:\/\/imazsia.com\/wp-content\/uploads\/2025\/08\/Wu-Guanping-600x680.jpg 600w\" sizes=\"(max-width: 1500px) 100vw, 1500px\" \/>\t\t\t\t\t\t\t\t<\/a>\n\t\t\t\t\t\t\t\t\t\t\t\t\t\t\t<\/div>\n\t\t\t\t<div class=\"elementor-element elementor-element-fcf059e elementor-widget elementor-widget-theme-post-title elementor-page-title elementor-widget-heading\" data-id=\"fcf059e\" data-element_type=\"widget\" data-e-type=\"widget\" data-widget_type=\"theme-post-title.default\">\n\t\t\t\t\t<h1 class=\"elementor-heading-title elementor-size-default\">Wu Guanping<\/h1>\t\t\t\t<\/div>\n\t\t\t\t<div class=\"elementor-element elementor-element-46bf0c6 elementor-align-center elementor-tablet-align-center elementor-widget elementor-widget-button\" data-id=\"46bf0c6\" data-element_type=\"widget\" data-e-type=\"widget\" data-widget_type=\"button.default\">\n\t\t\t\t\t\t\t\t\t\t<a class=\"elementor-button elementor-button-link elementor-size-sm\" href=\"https:\/\/imazsia.com\/zh\/diszvendegek\/wu-guanping\/\">\n\t\t\t\t\t\t<span class=\"elementor-button-content-wrapper\">\n\t\t\t\t\t\t\t\t\t<span class=\"elementor-button-text\">BEMUTATKOZ\u00d3<\/span>\n\t\t\t\t\t<\/span>\n\t\t\t\t\t<\/a>\n\t\t\t\t\t\t\t\t<\/div>\n\t\t\t\t\t<\/div>\n\t\t\t\t<\/div>\n\t\t\t\t<\/div>\n\t\t\t\t<\/div>\n\t\t\n\t\t\t\t\t\t<\/div>\n\t\t\t\t<\/div>\n\t\t\t\t\t<\/div>\n\t\t\t\t<\/div>\n\t\t\t\t<\/div>\n\t\t","protected":false},"excerpt":{"rendered":"<p>Ismerd meg a 2024-es Im\u00e1zsia K\u00ednai Filmh\u00e9t d\u00edszvend\u00e9geit! ISMERD MEG \u0150KET!<\/p>","protected":false},"author":3,"featured_media":0,"parent":1795,"menu_order":0,"comment_status":"closed","ping_status":"closed","template":"elementor_header_footer","meta":{"_acf_changed":false,"footnotes":""},"class_list":["post-1969","page","type-page","status-publish","hentry"],"acf":[],"_links":{"self":[{"href":"https:\/\/imazsia.com\/zh\/wp-json\/wp\/v2\/pages\/1969","targetHints":{"allow":["GET"]}}],"collection":[{"href":"https:\/\/imazsia.com\/zh\/wp-json\/wp\/v2\/pages"}],"about":[{"href":"https:\/\/imazsia.com\/zh\/wp-json\/wp\/v2\/types\/page"}],"author":[{"embeddable":true,"href":"https:\/\/imazsia.com\/zh\/wp-json\/wp\/v2\/users\/3"}],"replies":[{"embeddable":true,"href":"https:\/\/imazsia.com\/zh\/wp-json\/wp\/v2\/comments?post=1969"}],"version-history":[{"count":4,"href":"https:\/\/imazsia.com\/zh\/wp-json\/wp\/v2\/pages\/1969\/revisions"}],"predecessor-version":[{"id":1973,"href":"https:\/\/imazsia.com\/zh\/wp-json\/wp\/v2\/pages\/1969\/revisions\/1973"}],"up":[{"embeddable":true,"href":"https:\/\/imazsia.com\/zh\/wp-json\/wp\/v2\/pages\/1795"}],"wp:attachment":[{"href":"https:\/\/imazsia.com\/zh\/wp-json\/wp\/v2\/media?parent=1969"}],"curies":[{"name":"wp","href":"https:\/\/api.w.org\/{rel}","templated":true}]}}